{"id":7,"date":"2023-10-24T12:23:03","date_gmt":"2023-10-24T10:23:03","guid":{"rendered":"https:\/\/www.astrovisum.sk\/?page_id=7"},"modified":"2023-10-31T16:11:18","modified_gmt":"2023-10-31T15:11:18","slug":"workshopy-pre-skoly","status":"publish","type":"page","link":"https:\/\/www.astrovisum.sk\/?page_id=7","title":{"rendered":"Workshopy pre \u0161koly"},"content":{"rendered":"\n<p>Pozn\u00e1vanie a&nbsp;os\u00edd\u013eovanie vesm\u00edru<\/p>\n\n\n\n<p>Jedine\u010dn\u00fd interakt\u00edvny vzdel\u00e1vac\u00ed workshop pre \u0161koly.<\/p>\n\n\n\n<p>V\u00fdznamne roz\u0161iruje znalosti z\u00edskan\u00e9 na predmetoch ako fyzika, geografia a pod.<\/p>\n\n\n\n<p>Doprajte svojim \u017eiakom najnov\u0161ie poznatky z&nbsp;oblasti pozn\u00e1vania a&nbsp;os\u00edd\u013eovania vesm\u00edru. Nechajte ich odtrhn\u00fa\u0165 sa od mobilov a zbavi\u0165 sa nudy t\u00fdm, \u017ee za\u010dn\u00fa rozv\u00edja\u0165 nov\u00e9 hobby.<\/p>\n\n\n\n<p>Va\u0161ich \u017eiakov prevedieme cestou od zemsk\u00e9ho povrchu cez atmosf\u00e9ru zeme, zastav\u00edme sa na mesiaci a&nbsp;Marse, poputujeme k plan\u00e9tam, aj t\u00fdm pri in\u00fdch hviezdach, a\u017e do stredu galaxie.<\/p>\n\n\n\n<figure class=\"wp-block-image size-full is-resized\"><img loading=\"lazy\" decoding=\"async\" src=\"https:\/\/www.astrovisum.sk\/wp-content\/uploads\/2023\/10\/10.jpg\" alt=\"\" class=\"wp-image-188\" width=\"77\" height=\"77\" srcset=\"https:\/\/www.astrovisum.sk\/wp-content\/uploads\/2023\/10\/10.jpg 500w, https:\/\/www.astrovisum.sk\/wp-content\/uploads\/2023\/10\/10-300x300.jpg 300w, https:\/\/www.astrovisum.sk\/wp-content\/uploads\/2023\/10\/10-150x150.jpg 150w\" sizes=\"(max-width: 77px) 100vw, 77px\" \/><\/figure>\n\n\n\n<p>Lektor ich diskusnou formou a\u00a0pomocou vizu\u00e1lnych materi\u00e1lov vtiahne do tohto pr\u00edbehu pln\u00e9ho zauj\u00edmav\u00fdch faktov a\u00a0najnov\u0161\u00edch poznatkov z\u00a0astron\u00f3mie a najm\u00e4 astronautiky.<\/p>\n\n\n\n<p>\u017diaci bud\u00fa ma\u0165 mo\u017enos\u0165 vc\u00edti\u0165 sa do \u017eivota v&nbsp;danom prostred\u00ed, pr\u00edrodn\u00fdch a&nbsp;fyzik\u00e1lnych podmienok.<\/p>\n\n\n\n<p>Pri ka\u017edej zast\u00e1vke \u017eiaci dostan\u00fa praktick\u00fd n\u00e1vod, ako tak\u00fdto objekt pozorova\u0165 zo zeme, a&nbsp;to aj v&nbsp;dom\u00e1cich podmienkach.<\/p>\n\n\n\n<figure class=\"wp-block-image size-full is-resized\"><img loading=\"lazy\" decoding=\"async\" src=\"https:\/\/www.astrovisum.sk\/wp-content\/uploads\/2023\/10\/16.jpg\" alt=\"\" class=\"wp-image-195\" width=\"126\" height=\"54\" srcset=\"https:\/\/www.astrovisum.sk\/wp-content\/uploads\/2023\/10\/16.jpg 500w, https:\/\/www.astrovisum.sk\/wp-content\/uploads\/2023\/10\/16-300x130.jpg 300w\" sizes=\"(max-width: 126px) 100vw, 126px\" \/><\/figure>\n\n\n\n<p>Ako akt\u00edvni spolupracovn\u00edci a&nbsp;\u010dlenovia pracovn\u00fdch skup\u00edn pre architekt\u00faru a&nbsp;vzdel\u00e1vanie v&nbsp;r\u00e1mci organiz\u00e1cie Moon Village Association, ktor\u00e1 pracuje na re\u00e1lnom os\u00eddlen\u00ed mesiaca, sme pre deti pripravili aj aktu\u00e1lne inform\u00e1cie a&nbsp;vizualiz\u00e1cie pripravovan\u00fdch obydl\u00ed a&nbsp;techniky ur\u010denej na tieto \u00fa\u010dely.<\/p>\n\n\n\n<p>Spoznaj\u00fa tie\u017e, ak\u00fdm sp\u00f4sobom je do vesm\u00edrnych programov zapojen\u00e9 Slovensko.<\/p>\n\n\n\n<figure class=\"wp-block-image size-full is-resized\"><img loading=\"lazy\" decoding=\"async\" src=\"https:\/\/www.astrovisum.sk\/wp-content\/uploads\/2023\/10\/17-1.jpg\" alt=\"\" class=\"wp-image-197\" width=\"116\" height=\"67\" srcset=\"https:\/\/www.astrovisum.sk\/wp-content\/uploads\/2023\/10\/17-1.jpg 500w, https:\/\/www.astrovisum.sk\/wp-content\/uploads\/2023\/10\/17-1-300x172.jpg 300w\" sizes=\"(max-width: 116px) 100vw, 116px\" \/><\/figure>\n\n\n\n<p>Z\u00edskaj\u00fa aj zv\u00fdhodnen\u00fd pr\u00edstup na exkluz\u00edvnu Space Academy.<\/p>\n\n\n\n<p>Trvanie 60 \u2013 80 min.<\/p>\n\n\n\n<p>Cena od 75 EUR + cestovn\u00e9 n\u00e1klady (0.7 EUR\/km) v\u00a0pr\u00edpade viacer\u00fdch \u0161k\u00f4l alebo workshopov na jednej \u0161kole sa cestovn\u00e9 n\u00e1klady zni\u017euj\u00fa.<\/p>\n\n\n\n<p>Cenu na \u017eiaka si ur\u010duje \u0161kola.<\/p>\n\n\n\n<p>Skupiny \u2013 max. 40 \u017eiakov.<\/p>\n\n\n\n<p>Technick\u00e9 po\u017eiadavky: dostato\u010dne ve\u013ek\u00e1 miestnos\u0165 s&nbsp;mo\u017enos\u0165ou zatemnenia okien, dostato\u010dne ve\u013ek\u00e1 biela stena na premietanie, tabu\u013ea, stol\u00edk na pom\u00f4cky.<\/p>\n\n\n\n<p>Term\u00edny, bli\u017e\u0161ie info a individu\u00e1lne podmienky:&nbsp;<a href=\"mailto:bratko@astrovisum.sk\">bratko@astrovisum.sk<\/a>, 0907 354 862<\/p>\n\n\n\n<p><a href=\"https:\/\/www.astrovisum.sk\/\">N\u00e1vrat na \u00favodn\u00fa str\u00e1nku<\/a><\/p>\n\n\n\n<figure class=\"wp-block-image size-large\"><img loading=\"lazy\" decoding=\"async\" width=\"1024\" height=\"512\" src=\"https:\/\/www.astrovisum.sk\/wp-content\/uploads\/2023\/10\/spacemier_in_beautiful_realistic_futuristic_stile_in_cosmos_de329ae2-1e6a-41a6-9f69-9da868943b1e-1-1024x512.jpg\" alt=\"\" class=\"wp-image-102\" srcset=\"https:\/\/www.astrovisum.sk\/wp-content\/uploads\/2023\/10\/spacemier_in_beautiful_realistic_futuristic_stile_in_cosmos_de329ae2-1e6a-41a6-9f69-9da868943b1e-1-1024x512.jpg 1024w, https:\/\/www.astrovisum.sk\/wp-content\/uploads\/2023\/10\/spacemier_in_beautiful_realistic_futuristic_stile_in_cosmos_de329ae2-1e6a-41a6-9f69-9da868943b1e-1-300x150.jpg 300w, https:\/\/www.astrovisum.sk\/wp-content\/uploads\/2023\/10\/spacemier_in_beautiful_realistic_futuristic_stile_in_cosmos_de329ae2-1e6a-41a6-9f69-9da868943b1e-1-768x384.jpg 768w, https:\/\/www.astrovisum.sk\/wp-content\/uploads\/2023\/10\/spacemier_in_beautiful_realistic_futuristic_stile_in_cosmos_de329ae2-1e6a-41a6-9f69-9da868943b1e-1-1536x768.jpg 1536w, https:\/\/www.astrovisum.sk\/wp-content\/uploads\/2023\/10\/spacemier_in_beautiful_realistic_futuristic_stile_in_cosmos_de329ae2-1e6a-41a6-9f69-9da868943b1e-1.jpg 2048w\" sizes=\"(max-width: 1024px) 100vw, 1024px\" \/><\/figure>\n","protected":false},"excerpt":{"rendered":"<p>Pozn\u00e1vanie a&nbsp;os\u00edd\u013eovanie vesm\u00edru Jedine\u010dn\u00fd interakt\u00edvny vzdel\u00e1vac\u00ed workshop pre \u0161koly. V\u00fdznamne roz\u0161iruje znalosti z\u00edskan\u00e9 na predmetoch ako fyzika, geografia a pod. Doprajte svojim \u017eiakom najnov\u0161ie poznatky z&nbsp;oblasti pozn\u00e1vania a&nbsp;os\u00edd\u013eovania vesm\u00edru. Nechajte ich odtrhn\u00fa\u0165 sa od mobilov a zbavi\u0165 sa nudy t\u00fdm, \u017ee za\u010dn\u00fa rozv\u00edja\u0165 nov\u00e9 hobby. Va\u0161ich \u017eiakov prevedieme cestou od zemsk\u00e9ho povrchu cez atmosf\u00e9ru zeme, [&hellip;]<\/p>\n","protected":false},"author":1,"featured_media":0,"parent":0,"menu_order":2,"comment_status":"closed","ping_status":"closed","template":"","meta":{"_monsterinsights_skip_tracking":false,"_monsterinsights_sitenote_active":false,"_monsterinsights_sitenote_note":"","_monsterinsights_sitenote_category":0,"footnotes":""},"yoast_head":"<!-- This site is optimized with the Yoast SEO plugin v21.4 - https:\/\/yoast.com\/wordpress\/plugins\/seo\/ -->\n<title>Workshopy pre \u0161koly - ASTROVISUM<\/title>\n<meta name=\"robots\" content=\"index, follow, max-snippet:-1, max-image-preview:large, max-video-preview:-1\" \/>\n<link rel=\"canonical\" href=\"https:\/\/www.astrovisum.sk\/?page_id=7\" \/>\n<meta property=\"og:locale\" content=\"sk_SK\" \/>\n<meta property=\"og:type\" content=\"article\" \/>\n<meta property=\"og:title\" content=\"Workshopy pre \u0161koly - ASTROVISUM\" \/>\n<meta property=\"og:description\" content=\"Pozn\u00e1vanie a&nbsp;os\u00edd\u013eovanie vesm\u00edru Jedine\u010dn\u00fd interakt\u00edvny vzdel\u00e1vac\u00ed workshop pre \u0161koly. V\u00fdznamne roz\u0161iruje znalosti z\u00edskan\u00e9 na predmetoch ako fyzika, geografia a pod. Doprajte svojim \u017eiakom najnov\u0161ie poznatky z&nbsp;oblasti pozn\u00e1vania a&nbsp;os\u00edd\u013eovania vesm\u00edru. Nechajte ich odtrhn\u00fa\u0165 sa od mobilov a zbavi\u0165 sa nudy t\u00fdm, \u017ee za\u010dn\u00fa rozv\u00edja\u0165 nov\u00e9 hobby. Va\u0161ich \u017eiakov prevedieme cestou od zemsk\u00e9ho povrchu cez atmosf\u00e9ru zeme, [&hellip;]\" \/>\n<meta property=\"og:url\" content=\"https:\/\/www.astrovisum.sk\/?page_id=7\" \/>\n<meta property=\"og:site_name\" content=\"ASTROVISUM\" \/>\n<meta property=\"article:modified_time\" content=\"2023-10-31T15:11:18+00:00\" \/>\n<meta property=\"og:image\" content=\"https:\/\/www.astrovisum.sk\/wp-content\/uploads\/2023\/10\/10.jpg\" \/>\n<meta name=\"twitter:card\" content=\"summary_large_image\" \/>\n<meta name=\"twitter:label1\" content=\"Predpokladan\u00fd \u010das \u010d\u00edtania\" \/>\n\t<meta name=\"twitter:data1\" content=\"3 min\u00faty\" \/>\n<script type=\"application\/ld+json\" class=\"yoast-schema-graph\">{\"@context\":\"https:\/\/schema.org\",\"@graph\":[{\"@type\":\"WebPage\",\"@id\":\"https:\/\/www.astrovisum.sk\/?page_id=7\",\"url\":\"https:\/\/www.astrovisum.sk\/?page_id=7\",\"name\":\"Workshopy pre \u0161koly - ASTROVISUM\",\"isPartOf\":{\"@id\":\"https:\/\/www.astrovisum.sk\/#website\"},\"datePublished\":\"2023-10-24T10:23:03+00:00\",\"dateModified\":\"2023-10-31T15:11:18+00:00\",\"breadcrumb\":{\"@id\":\"https:\/\/www.astrovisum.sk\/?page_id=7#breadcrumb\"},\"inLanguage\":\"sk-SK\",\"potentialAction\":[{\"@type\":\"ReadAction\",\"target\":[\"https:\/\/www.astrovisum.sk\/?page_id=7\"]}]},{\"@type\":\"BreadcrumbList\",\"@id\":\"https:\/\/www.astrovisum.sk\/?page_id=7#breadcrumb\",\"itemListElement\":[{\"@type\":\"ListItem\",\"position\":1,\"name\":\"Home\",\"item\":\"https:\/\/www.astrovisum.sk\/\"},{\"@type\":\"ListItem\",\"position\":2,\"name\":\"Workshopy pre \u0161koly\"}]},{\"@type\":\"WebSite\",\"@id\":\"https:\/\/www.astrovisum.sk\/#website\",\"url\":\"https:\/\/www.astrovisum.sk\/\",\"name\":\"ASTROVISUM\",\"description\":\"Ready 4 space\",\"potentialAction\":[{\"@type\":\"SearchAction\",\"target\":{\"@type\":\"EntryPoint\",\"urlTemplate\":\"https:\/\/www.astrovisum.sk\/?s={search_term_string}\"},\"query-input\":\"required name=search_term_string\"}],\"inLanguage\":\"sk-SK\"}]}<\/script>\n<!-- \/ Yoast SEO plugin. -->","yoast_head_json":{"title":"Workshopy pre \u0161koly - ASTROVISUM","robots":{"index":"index","follow":"follow","max-snippet":"max-snippet:-1","max-image-preview":"max-image-preview:large","max-video-preview":"max-video-preview:-1"},"canonical":"https:\/\/www.astrovisum.sk\/?page_id=7","og_locale":"sk_SK","og_type":"article","og_title":"Workshopy pre \u0161koly - ASTROVISUM","og_description":"Pozn\u00e1vanie a&nbsp;os\u00edd\u013eovanie vesm\u00edru Jedine\u010dn\u00fd interakt\u00edvny vzdel\u00e1vac\u00ed workshop pre \u0161koly. V\u00fdznamne roz\u0161iruje znalosti z\u00edskan\u00e9 na predmetoch ako fyzika, geografia a pod. Doprajte svojim \u017eiakom najnov\u0161ie poznatky z&nbsp;oblasti pozn\u00e1vania a&nbsp;os\u00edd\u013eovania vesm\u00edru. Nechajte ich odtrhn\u00fa\u0165 sa od mobilov a zbavi\u0165 sa nudy t\u00fdm, \u017ee za\u010dn\u00fa rozv\u00edja\u0165 nov\u00e9 hobby. Va\u0161ich \u017eiakov prevedieme cestou od zemsk\u00e9ho povrchu cez atmosf\u00e9ru zeme, [&hellip;]","og_url":"https:\/\/www.astrovisum.sk\/?page_id=7","og_site_name":"ASTROVISUM","article_modified_time":"2023-10-31T15:11:18+00:00","og_image":[{"url":"https:\/\/www.astrovisum.sk\/wp-content\/uploads\/2023\/10\/10.jpg"}],"twitter_card":"summary_large_image","twitter_misc":{"Predpokladan\u00fd \u010das \u010d\u00edtania":"3 min\u00faty"},"schema":{"@context":"https:\/\/schema.org","@graph":[{"@type":"WebPage","@id":"https:\/\/www.astrovisum.sk\/?page_id=7","url":"https:\/\/www.astrovisum.sk\/?page_id=7","name":"Workshopy pre \u0161koly - ASTROVISUM","isPartOf":{"@id":"https:\/\/www.astrovisum.sk\/#website"},"datePublished":"2023-10-24T10:23:03+00:00","dateModified":"2023-10-31T15:11:18+00:00","breadcrumb":{"@id":"https:\/\/www.astrovisum.sk\/?page_id=7#breadcrumb"},"inLanguage":"sk-SK","potentialAction":[{"@type":"ReadAction","target":["https:\/\/www.astrovisum.sk\/?page_id=7"]}]},{"@type":"BreadcrumbList","@id":"https:\/\/www.astrovisum.sk\/?page_id=7#breadcrumb","itemListElement":[{"@type":"ListItem","position":1,"name":"Home","item":"https:\/\/www.astrovisum.sk\/"},{"@type":"ListItem","position":2,"name":"Workshopy pre \u0161koly"}]},{"@type":"WebSite","@id":"https:\/\/www.astrovisum.sk\/#website","url":"https:\/\/www.astrovisum.sk\/","name":"ASTROVISUM","description":"Ready 4 space","potentialAction":[{"@type":"SearchAction","target":{"@type":"EntryPoint","urlTemplate":"https:\/\/www.astrovisum.sk\/?s={search_term_string}"},"query-input":"required name=search_term_string"}],"inLanguage":"sk-SK"}]}},"_links":{"self":[{"href":"https:\/\/www.astrovisum.sk\/index.php?rest_route=\/wp\/v2\/pages\/7"}],"collection":[{"href":"https:\/\/www.astrovisum.sk\/index.php?rest_route=\/wp\/v2\/pages"}],"about":[{"href":"https:\/\/www.astrovisum.sk\/index.php?rest_route=\/wp\/v2\/types\/page"}],"author":[{"embeddable":true,"href":"https:\/\/www.astrovisum.sk\/index.php?rest_route=\/wp\/v2\/users\/1"}],"replies":[{"embeddable":true,"href":"https:\/\/www.astrovisum.sk\/index.php?rest_route=%2Fwp%2Fv2%2Fcomments&post=7"}],"version-history":[{"count":5,"href":"https:\/\/www.astrovisum.sk\/index.php?rest_route=\/wp\/v2\/pages\/7\/revisions"}],"predecessor-version":[{"id":216,"href":"https:\/\/www.astrovisum.sk\/index.php?rest_route=\/wp\/v2\/pages\/7\/revisions\/216"}],"wp:attachment":[{"href":"https:\/\/www.astrovisum.sk\/index.php?rest_route=%2Fwp%2Fv2%2Fmedia&parent=7"}],"curies":[{"name":"wp","href":"https:\/\/api.w.org\/{rel}","templated":true}]}}