{"id":5,"date":"2023-10-24T12:21:52","date_gmt":"2023-10-24T10:21:52","guid":{"rendered":"https:\/\/www.astrovisum.sk\/?page_id=5"},"modified":"2025-12-04T07:10:09","modified_gmt":"2025-12-04T06:10:09","slug":"astrovisum-space-academy","status":"publish","type":"page","link":"https:\/\/www.astrovisum.sk\/?page_id=5","title":{"rendered":"Academy"},"content":{"rendered":"\n<p>N\u00e1\u0161 top online vzdel\u00e1vac\u00ed program o os\u00edd\u013eovan\u00ed vesm\u00edru a mo\u017enostiach kari\u00e9ry vo vesm\u00edrnom sektore. Prebieha v troch stup\u0148och Academy I, II a III. Druh\u00fd a tret\u00ed stupe\u0148 s\u00fa ur\u010den\u00e9 pre absolventov Academy I, resp. II.<\/p>\n\n\n\n<p class=\"has-medium-font-size\">INFO K ASTROVISUM SPACE ACADEMY I:<\/p>\n\n\n\n<p>najbli\u017e\u0161\u00ed term\u00edn: pripravujeme od 15. janu\u00e1ra 2026, (\u0161tvrtky, o 19.00, trvanie 60 min.)<\/p>\n\n\n\n<p><a href=\"https:\/\/docs.google.com\/forms\/d\/e\/1FAIpQLSfWp6uMsKSE_bDsJgFA5oMsF6zzxdA7D7pRDQSiX21Xcc7rPw\/viewform\">ACADEMY LEKCIA NA SK\u00da\u0160KU ZDARMA<\/a> \u2013 moment\u00e1lne neprebieha<\/p>\n\n\n\n<h2 class=\"wp-block-heading\">PRE\u010cO ACADEMY?<\/h2>\n\n\n\n<figure class=\"wp-block-image size-full is-resized\"><img loading=\"lazy\" decoding=\"async\" width=\"500\" height=\"500\" src=\"https:\/\/www.astrovisum.sk\/wp-content\/uploads\/2023\/10\/8.jpg\" alt=\"\" class=\"wp-image-186\" style=\"width:150px;height:auto\" srcset=\"https:\/\/www.astrovisum.sk\/wp-content\/uploads\/2023\/10\/8.jpg 500w, https:\/\/www.astrovisum.sk\/wp-content\/uploads\/2023\/10\/8-300x300.jpg 300w, https:\/\/www.astrovisum.sk\/wp-content\/uploads\/2023\/10\/8-150x150.jpg 150w\" sizes=\"(max-width: 500px) 100vw, 500px\" \/><\/figure>\n\n\n\n<p><strong>Nie je to len sn\u00edvanie.<\/strong><\/p>\n\n\n\n<p><em>Do vesm\u00edru bude \u013eudstvo chodi\u0165 ove\u013ea \u010dastej\u0161ie ako doteraz. U\u017e dnes \u017eijeme v dobe, ke\u010f prakticky ka\u017ed\u00fd t\u00fd\u017ede\u0148 prebehne \u0161tart do vesm\u00edru. A bude to e\u0161te \u010dastej\u0161ie  a ove\u013ea dostupnej\u0161ie. Deti aj dospel\u00ed by sme mali by\u0165 na to pripraven\u00ed. <\/em><\/p>\n\n\n\n<p><em>U\u017e dnes je mno\u017estvo firiem zapojen\u00fdch do \u201evesm\u00edrneho biznisu\u201c. Povolania s\u00favisiace s&nbsp;vesm\u00edrom bud\u00fa s\u00fa\u010das\u0165ou be\u017en\u00fdch kari\u00e9rnych pon\u00fak. Aj na Slovensku m\u00e1me ve\u013emi v\u00e1\u017ene projekty v&nbsp;tejto oblasti.<\/em> <em>Zapojen\u00fdch je minim\u00e1lne 40 firiem a vo v\u00fdskumn\u00fdch projektoch ve\u013ea jednotlivcov.  <\/em><\/p>\n\n\n\n<p><strong>Pripravujeme deti aj dospel\u00fdch na dobu vesm\u00edrnu! <\/strong><\/p>\n\n\n\n<p>Academy d\u00e1va <strong>vedomostn\u00fd preh\u013ead<\/strong> o vesm\u00edrnych teles\u00e1ch, ktor\u00e9 \u013eudstvo sk\u00fama a v bud\u00facnosti sa ich chyst\u00e1 nav\u0161t\u00edvi\u0165. \u00da\u010dastn\u00edci sa zozn\u00e1mia s podmienkami na nich.<\/p>\n\n\n\n<p>Z\u00edskaj\u00fa vh\u013ead do t\u00e9my <strong>cestovania a expanzie<\/strong> \u013eudstva do vesmiru a jeho <strong>os\u00edd\u013eovania<\/strong>. Spoznaj\u00fa <strong>rakety, kozmick\u00e9 lode a in\u00e9 prostriedky<\/strong>, potrebn\u00e9 na dopravu na tieto objekty. Skuto\u010dn\u00fd vesm\u00edrny architekt im predstav\u00ed re\u00e1lne <strong>pl\u00e1novan\u00e9 obydlia<\/strong> na Mesiaci a Marse a \u017eivot v nich.<\/p>\n\n\n\n<p>Dozvedia sa, ako sa na to v\u0161etko v realite pripravuj\u00fa astronauti na zemi.<\/p>\n\n\n\n<p>A zistia, \u017ee <strong>Slovensko<\/strong> je bohato zapojen\u00e9 do t\u00fdchto v\u00fdskumov. Uk\u00e1\u017eeme im, ako je mo\u017en\u00e9 v re\u00e1lnom svete smerova\u0165 ku <strong>kari\u00e9re vo vesm\u00edrnom odvetv\u00ed<\/strong>, ak\u00e9 vzdelanie potrebuj\u00fa a ako v tom m\u00f4\u017eu zu\u017eitkova\u0165 svoje talenty. <\/p>\n\n\n\n<figure class=\"wp-block-image size-full is-resized\"><img loading=\"lazy\" decoding=\"async\" width=\"500\" height=\"500\" src=\"https:\/\/www.astrovisum.sk\/wp-content\/uploads\/2023\/11\/23.jpg\" alt=\"\" class=\"wp-image-248\" style=\"width:191px;height:auto\" srcset=\"https:\/\/www.astrovisum.sk\/wp-content\/uploads\/2023\/11\/23.jpg 500w, https:\/\/www.astrovisum.sk\/wp-content\/uploads\/2023\/11\/23-300x300.jpg 300w, https:\/\/www.astrovisum.sk\/wp-content\/uploads\/2023\/11\/23-150x150.jpg 150w\" sizes=\"(max-width: 500px) 100vw, 500px\" \/><\/figure>\n\n\n\n<p>Ve\u013emi \u00fazko spolupracujeme s&nbsp;<strong>Moon Village Association<\/strong> \u2013 je to celosvetov\u00e1 organiz\u00e1cia, ktor\u00e1 sa zaober\u00e1 ob\u00fdvan\u00edm mesiaca. Na\u0161i lektori s\u00fa \u010dlenmi t\u00edmov pre vzdel\u00e1vanie a architekt\u00faru tejto asoci\u00e1cie, tak\u017ee \u00fa\u010dastn\u00edci dostan\u00fa inform\u00e1cie z&nbsp;prvej ruky. Academy bola vytv\u00e1ran\u00e1 s hos\u0165ami, ktor\u00ed pracuj\u00fa na re\u00e1lnych medzin\u00e1rodn\u00fdch vesm\u00edrnych projektoch, v&nbsp;r\u00f4znych vesm\u00edrnych ved\u00e1ch, technologick\u00fdch firm\u00e1ch a&nbsp;pod.<\/p>\n\n\n\n<h2 class=\"wp-block-heading has-medium-font-size\">TEMATICK\u00dd OBSAH ACADEMY<strong>:<\/strong><\/h2>\n\n\n\n<ol start=\"1\">\n<li>Doba vesm\u00edrna \u2013 v\u00fdvin pozn\u00e1vania vesm\u00edru, n\u00e1rast \u0161tartov, rozmach priemyslu<\/li>\n\n\n\n<li>Preh\u013ead objektov \u2013 slne\u010dn\u00e1 s\u00fastava, exoplan\u00e9ty, hviezdy, galaxie, \u010dierne diery, hmloviny<\/li>\n\n\n\n<li>Plan\u00e9ty slne\u010dnej s\u00fastavy \u2013 vlastnosti, misie<\/li>\n\n\n\n<li>Mesiace, asteroidy, kom\u00e9ty, trpasli\u010die plan\u00e9ty \u2013 vlastnosti, misie, objavy<\/li>\n\n\n\n<li>Svetlo, hviezdy, galaxie, triedy hviezd, \u017eivotn\u00fd cyklus<\/li>\n\n\n\n<li>Podmienky vo vesm\u00edre \u2013 gravit\u00e1cia, v\u00e1kuum, \u017eiarenie, extr\u00e9mne teploty, v\u00fdvin vesm\u00edru &#8211; Big Bang<\/li>\n\n\n\n<li>Z\u00e1klady cestovania vesm\u00edrom \u2013 rakety, orbit, kozmick\u00e9 r\u00fdchlosti, typy pohonov<\/li>\n<\/ol>\n\n\n\n<p>\u00da\u010dastn\u00edkom d\u00e1me rady, ako to, \u010domu sa budeme venova\u0165, m\u00f4\u017eu pozorova\u0165 aj v&nbsp;dom\u00e1cich podmienkach.<\/p>\n\n\n\n<h2 class=\"wp-block-heading\">PRIEBEH ACADEMY<\/h2>\n\n\n\n<p>Stretnutia prebiehaj\u00fa <strong>ONLINE<\/strong>.<\/p>\n\n\n\n<p><strong>1x t\u00fd\u017edenne<\/strong> <\/p>\n\n\n\n<p>o 19.00<\/p>\n\n\n\n<p><strong>Cena:<\/strong> 59 EUR<br>Trvanie: <strong>60 min<\/strong><\/p>\n\n\n\n<p>Celkovo 7 stretnut\u00ed.<\/p>\n\n\n\n<p><strong>Potrebn\u00e1 v\u00fdbava:<\/strong><\/p>\n\n\n\n<p>notebook\/mobil, kvalitn\u00e9 internetov\u00e9 pripojenie, \u010falekoh\u013ead (nie je povinn\u00fd), p\u00edsacie potreby, zo\u0161it<\/p>\n\n\n\n<p><\/p>\n\n\n\n<p class=\"has-vivid-red-color has-text-color has-link-color wp-elements-c9365267f914bd71ea50e5e539e3962b\"><\/p>\n\n\n\n<h2 class=\"wp-block-heading\">PRIHL\u00c1SENIE NA ACADEMY:<\/h2>\n\n\n\n<p>Academy organizujeme v 2 form\u00e1ch:<\/p>\n\n\n\n<p>DETSK\u00c1 ACADEMY (10 \u2013 14 rokov) a<\/p>\n\n\n\n<p>ACADEMY PRE STREDO\u0160KOL\u00c1KOV A DOSPEL\u00ddCH BEZ ROZDIELU VEKU<\/p>\n\n\n\n<p>Skupiny be\u017eia paralelne alebo spojene, v\u017edy pod\u013ea po\u010dtu z\u00e1ujemcov.<\/p>\n\n\n\n<h2 class=\"wp-block-heading\">Prihl\u00e1senie na Academy pre deti:<\/h2>\n\n\n\n<p>Zauj\u00edma va\u0161e die\u0165a vesm\u00edr? Pozer\u00e1 si knihy a&nbsp;str\u00e1nky o&nbsp;\u0148om? Hovor\u00ed \u010dasto o&nbsp;raket\u00e1ch, lodiach a&nbsp;fantaz\u00edruje o&nbsp;\u017eivote vo vesm\u00edre?<\/p>\n\n\n\n<p>Pon\u00fakame de\u0165om mo\u017enos\u0165 spozna\u0165 vesm\u00edr tak, ako ho doteraz nepoznali!<\/p>\n\n\n\n<p>Umo\u017enite aj v\u00e1\u0161mu die\u0165a\u0165u sta\u0165 sa b\u00e1date\u013eom v&nbsp;<strong>Astrovisum Online Space Academy<\/strong>!<\/p>\n\n\n\n<p><strong>Die\u0165a okrem nov\u00fdch poznatkov z\u00edska:<\/strong><\/p>\n\n\n\n<ul>\n<li>mo\u017enos\u0165 odprezentova\u0165 svoje vedomosti a&nbsp;n\u00e1pady,<\/li>\n\n\n\n<li>mo\u017enos\u0165 zverejni\u0165 svoje projekty a&nbsp;v\u00fdsledky b\u00e1dania na na\u0161ej webovej str\u00e1nke,<\/li>\n\n\n\n<li>certifik\u00e1t o&nbsp;absolvovan\u00ed.<\/li>\n<\/ul>\n\n\n\n<figure class=\"wp-block-image size-full is-resized\"><img loading=\"lazy\" decoding=\"async\" width=\"500\" height=\"500\" src=\"https:\/\/www.astrovisum.sk\/wp-content\/uploads\/2023\/10\/5.jpg\" alt=\"\" class=\"wp-image-183\" style=\"width:129px;height:auto\" srcset=\"https:\/\/www.astrovisum.sk\/wp-content\/uploads\/2023\/10\/5.jpg 500w, https:\/\/www.astrovisum.sk\/wp-content\/uploads\/2023\/10\/5-300x300.jpg 300w, https:\/\/www.astrovisum.sk\/wp-content\/uploads\/2023\/10\/5-150x150.jpg 150w\" sizes=\"(max-width: 500px) 100vw, 500px\" \/><\/figure>\n\n\n\n<p><a href=\"https:\/\/docs.google.com\/forms\/d\/e\/1FAIpQLSdeBLZilmjickb7L0qCOtQehiVksT6TLRBLgE5QjCfSawMvBw\/viewform?pli=1\">PRIHL\u00c1\u0160KA NA ACADEMY<\/a><\/p>\n\n\n\n<p><\/p>\n\n\n\n<p><\/p>\n\n\n\n<p>Nie je to len o vedomostiach o vesm\u00edre:<\/p>\n\n\n\n<ul>\n<li>deti bud\u00fa v kontakte s <strong>ve\u013ek\u00fdm glob\u00e1lnym projektom<\/strong>, roz\u0161\u00edri to ich obzory, kreativitu a&nbsp;myslenie;<\/li>\n\n\n\n<li>pom\u00e1hame de\u0165om <strong>rozv\u00edja\u0165 kritick\u00e9 myslenie<\/strong> a u\u010d\u00edme ich <strong>orientova\u0165 sa v zdrojoch<\/strong>, rozli\u0161ova\u0165 odborn\u00e9 a d\u00f4veryhodn\u00e9 zdroje od neist\u00fdch;<\/li>\n\n\n\n<li>dostan\u00fa in\u0161pir\u00e1cie na <strong>zmyslupln\u00e9 tr\u00e1venie vo\u013en\u00e9ho \u010dasu<\/strong>;<\/li>\n\n\n\n<li>podpor\u00edme n\u00e1vyk na <strong>u\u017eito\u010dn\u00e9 vyu\u017e\u00edvanie digit\u00e1lnych technol\u00f3gi\u00ed<\/strong> a zdrojov; nemusia konzumova\u0165 len pr\u00e1zdny a lacn\u00fd obsah (nezabr\u00e1nime tomu, \u017ee deti inklinuj\u00fa k&nbsp;digit\u00e1lu, ale m\u00f4\u017eeme im uk\u00e1za\u0165 jeho zmysluplnej\u0161iu str\u00e1nku);<\/li>\n\n\n\n<li>bud\u00fa ma\u0165 naplnenie v tom, <strong>\u010do ich bav\u00ed a zauj\u00edma<\/strong>; v mnoh\u00fdch de\u0165och drieme z\u00e1ujem o&nbsp;vesm\u00edr a nemaj\u00fa ho kde realizova\u0165;<\/li>\n\n\n\n<li>nau\u010dia sa t\u00edmovej <strong>spolupr\u00e1ci<\/strong> pri <strong>dosahovan\u00ed cie\u013eov<\/strong>;<\/li>\n\n\n\n<li>v\u0161etko bude ma\u0165 <strong>z\u00e1bavn\u00fd<\/strong> a vo\u013eno\u010dasov\u00fd podt\u00f3n;<\/li>\n\n\n\n<li>z\u00e1merne <strong>sa vyh\u00fdbame soci\u00e1lnym sie\u0165am<\/strong> a nevytv\u00e1rame pre nich \u017eiadne skupiny;<\/li>\n\n\n\n<li>podpor\u00edme ich v&nbsp;tom, aby <strong>vy\u0161li na \u010derstv\u00fd vzduch<\/strong> \u2013 na balk\u00f3n, do z\u00e1hrady alebo do pr\u00edrody \u2013 a&nbsp;pozorovali objekty na oblohe;<\/li>\n\n\n\n<li>uva\u017eovanie v kontexte vesm\u00edru pom\u00e1ha \u010dloveku pozrie\u0165 sa na svoje ka\u017edodenn\u00e9 situ\u00e1cie <strong>s&nbsp;nadh\u013eadom<\/strong> a prispieva k&nbsp;celkovej ment\u00e1lnej pohode.<\/li>\n<\/ul>\n\n\n\n<p><\/p>\n\n\n\n<p class=\"has-medium-font-size\">Postup prihl\u00e1senia<strong>:<\/strong><\/p>\n\n\n\n<ol start=\"1\" style=\"list-style-type:1\">\n<li>Vypl\u0148te <strong>online prihl\u00e1\u0161ku<\/strong> \u2013 registra\u010dn\u00fd formul\u00e1r uveden\u00fd ni\u017e\u0161ie.<\/li>\n\n\n\n<li>Stiahnite si<strong>&nbsp;<a href=\"https:\/\/drive.google.com\/file\/d\/1iobUXeHWSMiAmqfmn_Up1B0Bu2qnDYwu\/view?usp=sharing\">VYHL\u00c1SENIE<\/a><\/strong>, ktor\u00e9 rodi\u010d podp\u00ed\u0161e, a po\u0161lite n\u00e1m ho e-mailom na&nbsp;<a href=\"mailto:info@astrovisum.sk\">info@astrovisum.sk<\/a>.<\/li>\n\n\n\n<li>Rodi\u010d zaplat\u00ed registra\u010dn\u00fd <strong>poplatok<\/strong> na \u010d\u00edslo \u00fa\u010dtu SK31 0900 0000 0051 3672 9602.<\/li>\n<\/ol>\n\n\n\n<p><a href=\"https:\/\/docs.google.com\/forms\/d\/e\/1FAIpQLSdeBLZilmjickb7L0qCOtQehiVksT6TLRBLgE5QjCfSawMvBw\/viewform?pli=1\">PRIHL\u00c1\u0160KA NA ACADEMY<\/a><\/p>\n\n\n\n<p>Organiz\u00e1torom Astrovisum Space Academy je Elevate, s. r. o.<\/p>\n\n\n\n<p><a href=\"https:\/\/www.elevate.sk\/ochrana-sukromia\/\">Ochrana O\u00da<\/a> \u2013 tu n\u00e1jdete podrobn\u00e9 inform\u00e1cie o&nbsp;tom, ako na\u0161a spolo\u010dnos\u0165 sprac\u00fava osobn\u00e9 \u00fadaje.<\/p>\n\n\n\n<p>Pre va\u0161e info vyber\u00e1me:<\/p>\n\n\n\n<ul>\n<li>identitu det\u00ed a&nbsp;ich osobn\u00e9 \u00fadaje sprac\u00favame len na \u00fa\u010dely registr\u00e1cie tohto projektu;<\/li>\n\n\n\n<li>\u017eiadne fotografie va\u0161ich det\u00ed z&nbsp;online stretnut\u00ed nebudeme nikde zverej\u0148ova\u0165;<\/li>\n\n\n\n<li>nikde nebude zverejnen\u00fd ani zoznam det\u00ed \u2013 \u00fa\u010dastn\u00edkov Academy;<\/li>\n\n\n\n<li>ak by va\u0161e die\u0165a dosiahlo v&nbsp;r\u00e1mci Academy nejak\u00fd \u00faspech a&nbsp;chceli by sme sa n\u00edm pochv\u00e1li\u0165, budeme v\u00e1s \u017eiada\u0165 o&nbsp;s\u00fahlas so zverejnen\u00edm takejto inform\u00e1cie;<\/li>\n\n\n\n<li>v&nbsp;prihl\u00e1\u0161ke uv\u00e1dzate 2 mailov\u00e9 adresy:<ul><li>&nbsp;adresa die\u0165a\u0165a \u2013 sem de\u0165om budeme posiela\u0165 organiza\u010dn\u00e9 pokyny,<\/li><\/ul>\n<ul>\n<li>&nbsp;adresa rodi\u010da \u2013 sem budeme posiela\u0165 inform\u00e1cie o&nbsp;Academy ur\u010den\u00e9 pre rodi\u010dov;<\/li>\n<\/ul>\n<\/li>\n\n\n\n<li>v&nbsp;\u010dase trvania Academy v\u00e1m budeme k&nbsp;dispoz\u00edcii mailom a&nbsp;v&nbsp;s\u00farnych pr\u00edpadoch aj telefonicky.<\/li>\n<\/ul>\n\n\n\n<p><\/p>\n\n\n\n<p>Chcete si Academy najprv odsk\u00fa\u0161a\u0165? Tu je link na bezplatn\u00fa sk\u00fa\u0161obn\u00fa lekciu, ktor\u00fa spust\u00edme ke\u010f sa registruje dostatok z\u00e1ujemcov.<\/p>\n\n\n\n<p><a href=\"http:\/\/Chcete si Academy najprv odsk\u00fa\u0161a\u0165? Tu je link na bezplatn\u00fa sk\u00fa\u0161obn\u00fa lekciu 7.11. o 19.00  https:\/\/docs.google.com\/forms\/d\/e\/1FAIpQLSfWp6uMsKSE_bDsJgFA5oMsF6zzxdA7D7pRDQSiX21Xcc7rPw\/viewform\">Vysk\u00fa\u0161a\u0165 Academy bezplat<\/a><a href=\"https:\/\/docs.google.com\/forms\/d\/e\/1FAIpQLSfWp6uMsKSE_bDsJgFA5oMsF6zzxdA7D7pRDQSiX21Xcc7rPw\/viewform\">ne<\/a>  &#8211; moment\u00e1lne neprebieha<\/p>\n\n\n\n<p>Prihl\u00e1senie na Academy je mo\u017en\u00e9 <strong>aj pre stredo\u0161kol\u00e1kov a dospel\u00fdch<\/strong> bez obmedzenia veku:<\/p>\n\n\n\n<p>\u010co z\u00edskate s na\u0161ou Academy:<\/p>\n\n\n\n<ul>\n<li>systematick\u00e9 z\u00e1klady poznania o vesm\u00edrnych teles\u00e1ch slne\u010dnej s\u00fastavy aj mimo nej,<\/li>\n\n\n\n<li>preh\u013ead o doteraj\u0161om a s\u00fa\u010dasnom pokroku \u013eudstva v os\u00edd\u013eovan\u00ed vesm\u00edru,<\/li>\n\n\n\n<li>kontakt so slovensk\u00fdm prostred\u00edm zaoberaj\u00facim sa cestovan\u00edm do vesm\u00edru,<\/li>\n\n\n\n<li>spozn\u00e1te zauj\u00edmav\u00fdch host\u00ed \u2013 Slov\u00e1kov \u00faspe\u0161ne pracuj\u00facich v&nbsp;space sektore,<\/li>\n\n\n\n<li>preh\u013ead o&nbsp;tom, ako je mo\u017en\u00e9 smerova\u0165 svoju kari\u00e9ru k&nbsp;pr\u00e1ci vo vesm\u00edrnych odvetviach.<\/li>\n<\/ul>\n\n\n\n<p><\/p>\n\n\n\n<p><a href=\"https:\/\/www.astrovisum.sk\/\">N\u00e1vrat na \u00favodn\u00fa str\u00e1nku<\/a><\/p>\n\n\n\n<figure class=\"wp-block-image size-large\"><img loading=\"lazy\" decoding=\"async\" width=\"1024\" height=\"512\" src=\"https:\/\/www.astrovisum.sk\/wp-content\/uploads\/2023\/10\/spacemier_class_mate_in_a_space_suit_astronautic_space_shuttle__9a8f4655-bb16-495c-b220-30cfa25ee629-1024x512.jpg\" alt=\"\" class=\"wp-image-203\" srcset=\"https:\/\/www.astrovisum.sk\/wp-content\/uploads\/2023\/10\/spacemier_class_mate_in_a_space_suit_astronautic_space_shuttle__9a8f4655-bb16-495c-b220-30cfa25ee629-1024x512.jpg 1024w, https:\/\/www.astrovisum.sk\/wp-content\/uploads\/2023\/10\/spacemier_class_mate_in_a_space_suit_astronautic_space_shuttle__9a8f4655-bb16-495c-b220-30cfa25ee629-300x150.jpg 300w, https:\/\/www.astrovisum.sk\/wp-content\/uploads\/2023\/10\/spacemier_class_mate_in_a_space_suit_astronautic_space_shuttle__9a8f4655-bb16-495c-b220-30cfa25ee629-768x384.jpg 768w, https:\/\/www.astrovisum.sk\/wp-content\/uploads\/2023\/10\/spacemier_class_mate_in_a_space_suit_astronautic_space_shuttle__9a8f4655-bb16-495c-b220-30cfa25ee629-1536x768.jpg 1536w, https:\/\/www.astrovisum.sk\/wp-content\/uploads\/2023\/10\/spacemier_class_mate_in_a_space_suit_astronautic_space_shuttle__9a8f4655-bb16-495c-b220-30cfa25ee629.jpg 2048w\" sizes=\"(max-width: 1024px) 100vw, 1024px\" \/><\/figure>\n","protected":false},"excerpt":{"rendered":"<p>N\u00e1\u0161 top online vzdel\u00e1vac\u00ed program o os\u00edd\u013eovan\u00ed vesm\u00edru a mo\u017enostiach kari\u00e9ry vo vesm\u00edrnom sektore. Prebieha v troch stup\u0148och Academy I, II a III. Druh\u00fd a tret\u00ed stupe\u0148 s\u00fa ur\u010den\u00e9 pre absolventov Academy I, resp. II. INFO K ASTROVISUM SPACE ACADEMY I: najbli\u017e\u0161\u00ed term\u00edn: pripravujeme od 15. janu\u00e1ra 2026, (\u0161tvrtky, o 19.00, trvanie 60 min.) ACADEMY [&hellip;]<\/p>\n","protected":false},"author":1,"featured_media":0,"parent":0,"menu_order":1,"comment_status":"closed","ping_status":"closed","template":"","meta":{"_monsterinsights_skip_tracking":false,"_monsterinsights_sitenote_active":false,"_monsterinsights_sitenote_note":"","_monsterinsights_sitenote_category":0,"footnotes":""},"yoast_head":"<!-- This site is optimized with the Yoast SEO plugin v21.4 - https:\/\/yoast.com\/wordpress\/plugins\/seo\/ -->\n<title>Academy - ASTROVISUM<\/title>\n<meta name=\"robots\" content=\"index, follow, max-snippet:-1, max-image-preview:large, max-video-preview:-1\" \/>\n<link rel=\"canonical\" href=\"https:\/\/www.astrovisum.sk\/?page_id=5\" \/>\n<meta property=\"og:locale\" content=\"sk_SK\" \/>\n<meta property=\"og:type\" content=\"article\" \/>\n<meta property=\"og:title\" content=\"Academy - ASTROVISUM\" \/>\n<meta property=\"og:description\" content=\"N\u00e1\u0161 top online vzdel\u00e1vac\u00ed program o os\u00edd\u013eovan\u00ed vesm\u00edru a mo\u017enostiach kari\u00e9ry vo vesm\u00edrnom sektore. Prebieha v troch stup\u0148och Academy I, II a III. Druh\u00fd a tret\u00ed stupe\u0148 s\u00fa ur\u010den\u00e9 pre absolventov Academy I, resp. II. INFO K ASTROVISUM SPACE ACADEMY I: najbli\u017e\u0161\u00ed term\u00edn: pripravujeme od 15. janu\u00e1ra 2026, (\u0161tvrtky, o 19.00, trvanie 60 min.) ACADEMY [&hellip;]\" \/>\n<meta property=\"og:url\" content=\"https:\/\/www.astrovisum.sk\/?page_id=5\" \/>\n<meta property=\"og:site_name\" content=\"ASTROVISUM\" \/>\n<meta property=\"article:modified_time\" content=\"2025-12-04T06:10:09+00:00\" \/>\n<meta property=\"og:image\" content=\"https:\/\/www.astrovisum.sk\/wp-content\/uploads\/2023\/10\/8.jpg\" \/>\n<meta name=\"twitter:card\" content=\"summary_large_image\" \/>\n<meta name=\"twitter:label1\" content=\"Predpokladan\u00fd \u010das \u010d\u00edtania\" \/>\n\t<meta name=\"twitter:data1\" content=\"7 min\u00fat\" \/>\n<script type=\"application\/ld+json\" class=\"yoast-schema-graph\">{\"@context\":\"https:\/\/schema.org\",\"@graph\":[{\"@type\":\"WebPage\",\"@id\":\"https:\/\/www.astrovisum.sk\/?page_id=5\",\"url\":\"https:\/\/www.astrovisum.sk\/?page_id=5\",\"name\":\"Academy - ASTROVISUM\",\"isPartOf\":{\"@id\":\"https:\/\/www.astrovisum.sk\/#website\"},\"datePublished\":\"2023-10-24T10:21:52+00:00\",\"dateModified\":\"2025-12-04T06:10:09+00:00\",\"breadcrumb\":{\"@id\":\"https:\/\/www.astrovisum.sk\/?page_id=5#breadcrumb\"},\"inLanguage\":\"sk-SK\",\"potentialAction\":[{\"@type\":\"ReadAction\",\"target\":[\"https:\/\/www.astrovisum.sk\/?page_id=5\"]}]},{\"@type\":\"BreadcrumbList\",\"@id\":\"https:\/\/www.astrovisum.sk\/?page_id=5#breadcrumb\",\"itemListElement\":[{\"@type\":\"ListItem\",\"position\":1,\"name\":\"Home\",\"item\":\"https:\/\/www.astrovisum.sk\/\"},{\"@type\":\"ListItem\",\"position\":2,\"name\":\"Academy\"}]},{\"@type\":\"WebSite\",\"@id\":\"https:\/\/www.astrovisum.sk\/#website\",\"url\":\"https:\/\/www.astrovisum.sk\/\",\"name\":\"ASTROVISUM\",\"description\":\"Ready 4 space\",\"potentialAction\":[{\"@type\":\"SearchAction\",\"target\":{\"@type\":\"EntryPoint\",\"urlTemplate\":\"https:\/\/www.astrovisum.sk\/?s={search_term_string}\"},\"query-input\":\"required name=search_term_string\"}],\"inLanguage\":\"sk-SK\"}]}<\/script>\n<!-- \/ Yoast SEO plugin. -->","yoast_head_json":{"title":"Academy - ASTROVISUM","robots":{"index":"index","follow":"follow","max-snippet":"max-snippet:-1","max-image-preview":"max-image-preview:large","max-video-preview":"max-video-preview:-1"},"canonical":"https:\/\/www.astrovisum.sk\/?page_id=5","og_locale":"sk_SK","og_type":"article","og_title":"Academy - ASTROVISUM","og_description":"N\u00e1\u0161 top online vzdel\u00e1vac\u00ed program o os\u00edd\u013eovan\u00ed vesm\u00edru a mo\u017enostiach kari\u00e9ry vo vesm\u00edrnom sektore. Prebieha v troch stup\u0148och Academy I, II a III. Druh\u00fd a tret\u00ed stupe\u0148 s\u00fa ur\u010den\u00e9 pre absolventov Academy I, resp. II. INFO K ASTROVISUM SPACE ACADEMY I: najbli\u017e\u0161\u00ed term\u00edn: pripravujeme od 15. janu\u00e1ra 2026, (\u0161tvrtky, o 19.00, trvanie 60 min.) ACADEMY [&hellip;]","og_url":"https:\/\/www.astrovisum.sk\/?page_id=5","og_site_name":"ASTROVISUM","article_modified_time":"2025-12-04T06:10:09+00:00","og_image":[{"url":"https:\/\/www.astrovisum.sk\/wp-content\/uploads\/2023\/10\/8.jpg"}],"twitter_card":"summary_large_image","twitter_misc":{"Predpokladan\u00fd \u010das \u010d\u00edtania":"7 min\u00fat"},"schema":{"@context":"https:\/\/schema.org","@graph":[{"@type":"WebPage","@id":"https:\/\/www.astrovisum.sk\/?page_id=5","url":"https:\/\/www.astrovisum.sk\/?page_id=5","name":"Academy - ASTROVISUM","isPartOf":{"@id":"https:\/\/www.astrovisum.sk\/#website"},"datePublished":"2023-10-24T10:21:52+00:00","dateModified":"2025-12-04T06:10:09+00:00","breadcrumb":{"@id":"https:\/\/www.astrovisum.sk\/?page_id=5#breadcrumb"},"inLanguage":"sk-SK","potentialAction":[{"@type":"ReadAction","target":["https:\/\/www.astrovisum.sk\/?page_id=5"]}]},{"@type":"BreadcrumbList","@id":"https:\/\/www.astrovisum.sk\/?page_id=5#breadcrumb","itemListElement":[{"@type":"ListItem","position":1,"name":"Home","item":"https:\/\/www.astrovisum.sk\/"},{"@type":"ListItem","position":2,"name":"Academy"}]},{"@type":"WebSite","@id":"https:\/\/www.astrovisum.sk\/#website","url":"https:\/\/www.astrovisum.sk\/","name":"ASTROVISUM","description":"Ready 4 space","potentialAction":[{"@type":"SearchAction","target":{"@type":"EntryPoint","urlTemplate":"https:\/\/www.astrovisum.sk\/?s={search_term_string}"},"query-input":"required name=search_term_string"}],"inLanguage":"sk-SK"}]}},"_links":{"self":[{"href":"https:\/\/www.astrovisum.sk\/index.php?rest_route=\/wp\/v2\/pages\/5"}],"collection":[{"href":"https:\/\/www.astrovisum.sk\/index.php?rest_route=\/wp\/v2\/pages"}],"about":[{"href":"https:\/\/www.astrovisum.sk\/index.php?rest_route=\/wp\/v2\/types\/page"}],"author":[{"embeddable":true,"href":"https:\/\/www.astrovisum.sk\/index.php?rest_route=\/wp\/v2\/users\/1"}],"replies":[{"embeddable":true,"href":"https:\/\/www.astrovisum.sk\/index.php?rest_route=%2Fwp%2Fv2%2Fcomments&post=5"}],"version-history":[{"count":5,"href":"https:\/\/www.astrovisum.sk\/index.php?rest_route=\/wp\/v2\/pages\/5\/revisions"}],"predecessor-version":[{"id":413,"href":"https:\/\/www.astrovisum.sk\/index.php?rest_route=\/wp\/v2\/pages\/5\/revisions\/413"}],"wp:attachment":[{"href":"https:\/\/www.astrovisum.sk\/index.php?rest_route=%2Fwp%2Fv2%2Fmedia&parent=5"}],"curies":[{"name":"wp","href":"https:\/\/api.w.org\/{rel}","templated":true}]}}