{"id":404,"date":"2025-11-20T07:22:28","date_gmt":"2025-11-20T06:22:28","guid":{"rendered":"https:\/\/www.astrovisum.sk\/?page_id=404"},"modified":"2025-11-20T07:22:29","modified_gmt":"2025-11-20T06:22:29","slug":"nase-clanky","status":"publish","type":"page","link":"https:\/\/www.astrovisum.sk\/?page_id=404","title":{"rendered":"Na\u0161e \u010dl\u00e1nky"},"content":{"rendered":"\n<div class=\"wp-block-query is-layout-flow wp-block-query-is-layout-flow\"><ul class=\"wp-block-post-template is-layout-flow wp-block-post-template-is-layout-flow\"><li class=\"wp-block-post post-352 post type-post status-publish format-standard has-post-thumbnail hentry category-clanky category-nezaradene\">\n\n<div class=\"wp-block-columns alignwide is-layout-flex wp-container-core-columns-layout-2 wp-block-columns-is-layout-flex\">\n<div class=\"wp-block-column is-layout-flow wp-block-column-is-layout-flow\" style=\"flex-basis:66.66%\">\n<div class=\"wp-block-columns is-layout-flex wp-container-core-columns-layout-1 wp-block-columns-is-layout-flex\">\n<div class=\"wp-block-column is-layout-flow wp-block-column-is-layout-flow\" style=\"flex-basis:100%\"><figure class=\"wp-block-post-featured-image\"><a href=\"https:\/\/www.astrovisum.sk\/?p=352\" target=\"_self\"  ><img loading=\"lazy\" decoding=\"async\" width=\"340\" height=\"210\" src=\"https:\/\/www.astrovisum.sk\/wp-content\/uploads\/2025\/01\/skafander-3-340x210.jpg\" class=\"attachment-post-thumbnail size-post-thumbnail wp-post-image\" alt=\"Tajomstv\u00e1 skafandrov pre pobyt na Mesiaci\" style=\"object-fit:cover;\" \/><\/a><\/figure><\/div>\n<\/div>\n<\/div>\n\n\n\n<div class=\"wp-block-column is-layout-flow wp-block-column-is-layout-flow\" style=\"flex-basis:33.33%\"><h2 class=\"wp-block-post-title\"><a href=\"https:\/\/www.astrovisum.sk\/?p=352\" target=\"_self\" >Tajomstv\u00e1 skafandrov pre pobyt na Mesiaci<\/a><\/h2>\n\n<div class=\"wp-block-post-excerpt\"><p class=\"wp-block-post-excerpt__excerpt\">Skafandre astronautov prich\u00e1dzaj\u00facich na Mesiac musia sp\u013a\u0148a\u0165 najpr\u00edsnej\u0161ie krit\u00e9ri\u00e1, aby ich ochr\u00e1nili a zabezpe\u010dili \u00faspech misie. Prin\u00e1\u0161ame v\u00e1m preh\u013ead z\u00e1kladn\u00fdch vlastnost\u00ed skafandrov, tak ako ich pozn\u00e1me doteraz. Podpora \u017eivotn\u00fdch funkci\u00ed: Zabezpe\u010denie d\u00fdchate\u013enej atmosf\u00e9ryNa produkciu kysl\u00edka na d\u00fdchanie sa pou\u017e\u00edvaj\u00fa chemick\u00e9 kanistre podobn\u00e9 t\u00fdm v ponork\u00e1ch. Na absorpciu oxidu uhli\u010dit\u00e9ho vydychovan\u00e9ho astronautmi sa vyu\u017e\u00edvaj\u00fa l\u00edtium-hydroxidov\u00e9 kanistre.&hellip; <\/p><\/div><\/div>\n<\/div>\n\n<\/li><\/ul><\/div>\n","protected":false},"excerpt":{"rendered":"","protected":false},"author":1,"featured_media":0,"parent":0,"menu_order":4,"comment_status":"closed","ping_status":"closed","template":"","meta":{"_monsterinsights_skip_tracking":false,"_monsterinsights_sitenote_active":false,"_monsterinsights_sitenote_note":"","_monsterinsights_sitenote_category":0,"footnotes":""},"yoast_head":"<!-- This site is optimized with the Yoast SEO plugin v21.4 - https:\/\/yoast.com\/wordpress\/plugins\/seo\/ -->\n<title>Na\u0161e \u010dl\u00e1nky - ASTROVISUM<\/title>\n<meta name=\"robots\" content=\"index, follow, max-snippet:-1, max-image-preview:large, max-video-preview:-1\" \/>\n<link rel=\"canonical\" href=\"https:\/\/www.astrovisum.sk\/?page_id=404\" \/>\n<meta property=\"og:locale\" content=\"sk_SK\" \/>\n<meta property=\"og:type\" content=\"article\" \/>\n<meta property=\"og:title\" content=\"Na\u0161e \u010dl\u00e1nky - ASTROVISUM\" \/>\n<meta property=\"og:url\" content=\"https:\/\/www.astrovisum.sk\/?page_id=404\" \/>\n<meta property=\"og:site_name\" content=\"ASTROVISUM\" \/>\n<meta property=\"article:modified_time\" content=\"2025-11-20T06:22:29+00:00\" \/>\n<meta name=\"twitter:card\" content=\"summary_large_image\" \/>\n<script type=\"application\/ld+json\" class=\"yoast-schema-graph\">{\"@context\":\"https:\/\/schema.org\",\"@graph\":[{\"@type\":\"WebPage\",\"@id\":\"https:\/\/www.astrovisum.sk\/?page_id=404\",\"url\":\"https:\/\/www.astrovisum.sk\/?page_id=404\",\"name\":\"Na\u0161e \u010dl\u00e1nky - ASTROVISUM\",\"isPartOf\":{\"@id\":\"https:\/\/www.astrovisum.sk\/#website\"},\"datePublished\":\"2025-11-20T06:22:28+00:00\",\"dateModified\":\"2025-11-20T06:22:29+00:00\",\"breadcrumb\":{\"@id\":\"https:\/\/www.astrovisum.sk\/?page_id=404#breadcrumb\"},\"inLanguage\":\"sk-SK\",\"potentialAction\":[{\"@type\":\"ReadAction\",\"target\":[\"https:\/\/www.astrovisum.sk\/?page_id=404\"]}]},{\"@type\":\"BreadcrumbList\",\"@id\":\"https:\/\/www.astrovisum.sk\/?page_id=404#breadcrumb\",\"itemListElement\":[{\"@type\":\"ListItem\",\"position\":1,\"name\":\"Home\",\"item\":\"https:\/\/www.astrovisum.sk\/\"},{\"@type\":\"ListItem\",\"position\":2,\"name\":\"Na\u0161e \u010dl\u00e1nky\"}]},{\"@type\":\"WebSite\",\"@id\":\"https:\/\/www.astrovisum.sk\/#website\",\"url\":\"https:\/\/www.astrovisum.sk\/\",\"name\":\"ASTROVISUM\",\"description\":\"Ready 4 space\",\"potentialAction\":[{\"@type\":\"SearchAction\",\"target\":{\"@type\":\"EntryPoint\",\"urlTemplate\":\"https:\/\/www.astrovisum.sk\/?s={search_term_string}\"},\"query-input\":\"required name=search_term_string\"}],\"inLanguage\":\"sk-SK\"}]}<\/script>\n<!-- \/ Yoast SEO plugin. -->","yoast_head_json":{"title":"Na\u0161e \u010dl\u00e1nky - ASTROVISUM","robots":{"index":"index","follow":"follow","max-snippet":"max-snippet:-1","max-image-preview":"max-image-preview:large","max-video-preview":"max-video-preview:-1"},"canonical":"https:\/\/www.astrovisum.sk\/?page_id=404","og_locale":"sk_SK","og_type":"article","og_title":"Na\u0161e \u010dl\u00e1nky - ASTROVISUM","og_url":"https:\/\/www.astrovisum.sk\/?page_id=404","og_site_name":"ASTROVISUM","article_modified_time":"2025-11-20T06:22:29+00:00","twitter_card":"summary_large_image","schema":{"@context":"https:\/\/schema.org","@graph":[{"@type":"WebPage","@id":"https:\/\/www.astrovisum.sk\/?page_id=404","url":"https:\/\/www.astrovisum.sk\/?page_id=404","name":"Na\u0161e \u010dl\u00e1nky - ASTROVISUM","isPartOf":{"@id":"https:\/\/www.astrovisum.sk\/#website"},"datePublished":"2025-11-20T06:22:28+00:00","dateModified":"2025-11-20T06:22:29+00:00","breadcrumb":{"@id":"https:\/\/www.astrovisum.sk\/?page_id=404#breadcrumb"},"inLanguage":"sk-SK","potentialAction":[{"@type":"ReadAction","target":["https:\/\/www.astrovisum.sk\/?page_id=404"]}]},{"@type":"BreadcrumbList","@id":"https:\/\/www.astrovisum.sk\/?page_id=404#breadcrumb","itemListElement":[{"@type":"ListItem","position":1,"name":"Home","item":"https:\/\/www.astrovisum.sk\/"},{"@type":"ListItem","position":2,"name":"Na\u0161e \u010dl\u00e1nky"}]},{"@type":"WebSite","@id":"https:\/\/www.astrovisum.sk\/#website","url":"https:\/\/www.astrovisum.sk\/","name":"ASTROVISUM","description":"Ready 4 space","potentialAction":[{"@type":"SearchAction","target":{"@type":"EntryPoint","urlTemplate":"https:\/\/www.astrovisum.sk\/?s={search_term_string}"},"query-input":"required name=search_term_string"}],"inLanguage":"sk-SK"}]}},"_links":{"self":[{"href":"https:\/\/www.astrovisum.sk\/index.php?rest_route=\/wp\/v2\/pages\/404"}],"collection":[{"href":"https:\/\/www.astrovisum.sk\/index.php?rest_route=\/wp\/v2\/pages"}],"about":[{"href":"https:\/\/www.astrovisum.sk\/index.php?rest_route=\/wp\/v2\/types\/page"}],"author":[{"embeddable":true,"href":"https:\/\/www.astrovisum.sk\/index.php?rest_route=\/wp\/v2\/users\/1"}],"replies":[{"embeddable":true,"href":"https:\/\/www.astrovisum.sk\/index.php?rest_route=%2Fwp%2Fv2%2Fcomments&post=404"}],"version-history":[{"count":1,"href":"https:\/\/www.astrovisum.sk\/index.php?rest_route=\/wp\/v2\/pages\/404\/revisions"}],"predecessor-version":[{"id":405,"href":"https:\/\/www.astrovisum.sk\/index.php?rest_route=\/wp\/v2\/pages\/404\/revisions\/405"}],"wp:attachment":[{"href":"https:\/\/www.astrovisum.sk\/index.php?rest_route=%2Fwp%2Fv2%2Fmedia&parent=404"}],"curies":[{"name":"wp","href":"https:\/\/api.w.org\/{rel}","templated":true}]}}